{"id":62,"date":"2021-09-17T14:37:52","date_gmt":"2021-09-17T14:37:52","guid":{"rendered":"https:\/\/como-systems.de\/?page_id=62"},"modified":"2021-09-17T18:29:52","modified_gmt":"2021-09-17T18:29:52","slug":"impressum","status":"publish","type":"page","link":"https:\/\/como-systems.de\/?page_id=62","title":{"rendered":"Impressum"},"content":{"rendered":"<p><strong>COMO Systems, Axel Schickling<br \/>diese vertreten durch:<\/strong><strong>\u00a0<br \/>Axel Schickling<br \/>W\u00f6stend\u00f6llen 95-96<br \/>49429 Visbek<br \/>Deutschland<br \/>Telefon: 04445\/8203<br \/>E-Mail: as@como-systems.de<br \/><\/strong><\/p>\n<p>Die Europ\u00e4ische Kommission stellt eine Plattform f\u00fcr die au\u00dfergerichtliche Online-Streitbeilegung (OS-Plattform) bereit, aufrufbar unter <a href=\"http:\/\/ec.europa.eu\/odr\">http:\/\/ec.europa.eu\/odr<\/a><\/p>\n","protected":false},"excerpt":{"rendered":"<p>COMO Systems, Axel Schicklingdiese vertreten durch:\u00a0Axel SchicklingW\u00f6stend\u00f6llen 95-9649429 VisbekDeutschlandTelefon: 04445\/8203E-Mail: as@como-systems.de Die Europ\u00e4ische Kommission stellt eine Plattform f\u00fcr die au\u00dfergerichtliche Online-Streitbeilegung (OS-Plattform) bereit, aufrufbar unter http:\/\/ec.europa.eu\/odr<\/p>\n","protected":false},"author":1,"featured_media":0,"parent":0,"menu_order":0,"comment_status":"closed","ping_status":"closed","template":"","meta":{"footnotes":""},"class_list":["post-62","page","type-page","status-publish","hentry"],"_links":{"self":[{"href":"https:\/\/como-systems.de\/index.php?rest_route=\/wp\/v2\/pages\/62","targetHints":{"allow":["GET"]}}],"collection":[{"href":"https:\/\/como-systems.de\/index.php?rest_route=\/wp\/v2\/pages"}],"about":[{"href":"https:\/\/como-systems.de\/index.php?rest_route=\/wp\/v2\/types\/page"}],"author":[{"embeddable":true,"href":"https:\/\/como-systems.de\/index.php?rest_route=\/wp\/v2\/users\/1"}],"replies":[{"embeddable":true,"href":"https:\/\/como-systems.de\/index.php?rest_route=%2Fwp%2Fv2%2Fcomments&post=62"}],"version-history":[{"count":4,"href":"https:\/\/como-systems.de\/index.php?rest_route=\/wp\/v2\/pages\/62\/revisions"}],"predecessor-version":[{"id":139,"href":"https:\/\/como-systems.de\/index.php?rest_route=\/wp\/v2\/pages\/62\/revisions\/139"}],"wp:attachment":[{"href":"https:\/\/como-systems.de\/index.php?rest_route=%2Fwp%2Fv2%2Fmedia&parent=62"}],"curies":[{"name":"wp","href":"https:\/\/api.w.org\/{rel}","templated":true}]}}