{"id":58,"date":"2021-09-17T14:37:02","date_gmt":"2021-09-17T14:37:02","guid":{"rendered":"https:\/\/como-systems.de\/?page_id=58"},"modified":"2021-09-17T18:26:29","modified_gmt":"2021-09-17T18:26:29","slug":"home","status":"publish","type":"page","link":"https:\/\/como-systems.de\/","title":{"rendered":"Home"},"content":{"rendered":"<h1>Ideen die bewegen<\/h1>\n<p>Axel Schickling ist Unternehmer, Erfinder und Vision\u00e4r. Seit seiner Ausbildung liegt der Fokus auf der L\u00f6sung von Problemen mit Liebe zum Detail und dem Gesp\u00fcr f\u00fcr Trends der Zeit. <strong>COMO SYSTEMS, AXEL SCHICKLING<\/strong> generiert, verwaltet und erg\u00e4nzt seit der Gr\u00fcndung das Know-How verschiedener Unternehmen und kombiniert Synnergien dieser zu neuen L\u00f6sung f\u00fcr die unterschiedlichsten Bereiche. Bei allen Entwicklungen, Patent- und Designanmeldungen stehen Elektromobilit\u00e4t, Bewegung und die Gewinnung elektrischer Energie im Vordergrund. Dabei agieren die korrespondierenden Unternehmen in den verschiedensten Bereichen: elektrische Flugzeugschlepper, ergonomische B\u00fcrom\u00f6bel und Solarl\u00f6sungen f\u00fcr Unternehmen, Privatpersonen und der Landwirtschaft.<\/p>\n<p><a href=\"https:\/\/towflexx.de\" target=\"_blank\" rel=\"noopener\"><br \/>\n<img loading=\"lazy\" decoding=\"async\" src=\"https:\/\/como-systems.de\/wp-content\/uploads\/2021\/09\/Logo-TowFLEXX-Aircraft-Tugs_bk.png\" sizes=\"auto, (max-width: 500px) 100vw, 500px\" srcset=\"https:\/\/como-systems.de\/wp-content\/uploads\/2021\/09\/Logo-TowFLEXX-Aircraft-Tugs_bk.png 500w, https:\/\/como-systems.de\/wp-content\/uploads\/2021\/09\/Logo-TowFLEXX-Aircraft-Tugs_bk-300x132.png 300w\" alt=\"\" width=\"500\" height=\"220\" \/> <\/a><br \/>\n<iframe loading=\"lazy\" title=\"TowFLEXX Aircraft Tugs | Product Overview Summer 2020\" width=\"800\" height=\"450\" src=\"https:\/\/www.youtube.com\/embed\/ovxsSotFoVo?feature=oembed\" frameborder=\"0\" allow=\"accelerometer; autoplay; clipboard-write; encrypted-media; gyroscope; picture-in-picture\" allowfullscreen><\/iframe><\/p>\n<p style=\"text-align: left;\">Die <strong>TowFLEXX GmbH<\/strong> ist Hersteller von elektrischen, funkferngesteuerten Flugzeugschleppern, die ben\u00f6tigt werden, um Flugzeuge im Hangar oder auf dem Vorfeld zu man\u00f6vrieren. Die innovatien Ideen haben TowFLEXX zu einem Unternehmen avancieren lassen, dass mitlerweile weltweit agiert, Tochterfirmen in den USA und Neuseeland besitzt und zum Kundenstamm das US-Milit\u00e4r sowie namenhafte Unternehmen, Flugzeughersteller und Personen geh\u00f6ren.<\/p>\n<p><a role=\"button\" href=\"https:\/\/towflexx.de\"><br \/>\nmehr erfahren<br \/>\n<\/a><br \/>\n<a href=\"https:\/\/schicklingsolar.com\/\" target=\"_blank\" rel=\"noopener\"><br \/>\n<img loading=\"lazy\" decoding=\"async\" src=\"https:\/\/como-systems.de\/wp-content\/uploads\/2021\/09\/Logo-Schickling-Solar.png\" sizes=\"auto, (max-width: 500px) 100vw, 500px\" srcset=\"https:\/\/como-systems.de\/wp-content\/uploads\/2021\/09\/Logo-Schickling-Solar.png 500w, https:\/\/como-systems.de\/wp-content\/uploads\/2021\/09\/Logo-Schickling-Solar-300x132.png 300w\" alt=\"\" width=\"500\" height=\"220\" \/> <\/a><br \/>\n<iframe loading=\"lazy\" title=\"Schickling Solar - Solarcarports made in Visbek\" width=\"800\" height=\"450\" src=\"https:\/\/www.youtube.com\/embed\/AvB3tCiEKfg?feature=oembed\" frameborder=\"0\" allow=\"accelerometer; autoplay; clipboard-write; encrypted-media; gyroscope; picture-in-picture\" allowfullscreen><\/iframe><\/p>\n<p>Die Schickling Solar GmbH ist mit der Gr\u00fcndung im Jahr 2021 das j\u00fcngste Unternehmen im Bunde. Gemeinsam mit anderen Unternehmern aus der Familie wurden hier Ideen zu Themen aufgegriffen, die die gesamte Welt besch\u00e4ftigen, wie beispielsweise das Vorantreiben der Energiewende. Begonnen hat alles mit dem Bau innovativer Solarcarports, die optional mit Batteriespeichern versehen werden k\u00f6nnen, um die am Tage produzierte Energie auch in der Nacht nutzen zu k\u00f6nnen. Weitere Projekte f\u00fcr eine revolution\u00e4re Landwirtschaft sind bereits im Bau<\/p>\n<p><a role=\"button\" href=\"https:\/\/schicklingsolar.com\"><br \/>\nmehr erfahren<br \/>\n<\/a><br \/>\n<a href=\"https:\/\/comobuero.de\" target=\"_blank\" rel=\"noopener\"><br \/>\n<img loading=\"lazy\" decoding=\"async\" src=\"https:\/\/como-systems.de\/wp-content\/uploads\/2021\/09\/Logo-COMO-Bueromoebel.png\" sizes=\"auto, (max-width: 500px) 100vw, 500px\" srcset=\"https:\/\/como-systems.de\/wp-content\/uploads\/2021\/09\/Logo-COMO-Bueromoebel.png 500w, https:\/\/como-systems.de\/wp-content\/uploads\/2021\/09\/Logo-COMO-Bueromoebel-300x132.png 300w\" alt=\"\" width=\"500\" height=\"220\" \/> <\/a><br \/>\n<iframe loading=\"lazy\" title=\"DriveVario - elektrisch h\u00f6henverstellbarer Tisch von COMO\" width=\"800\" height=\"450\" src=\"https:\/\/www.youtube.com\/embed\/JkTC0TW5UWQ?feature=oembed\" frameborder=\"0\" allow=\"accelerometer; autoplay; clipboard-write; encrypted-media; gyroscope; picture-in-picture\" allowfullscreen><\/iframe><\/p>\n<p>COMO B\u00fcrom\u00f6bel GmbH ist der Ausgangspunkt aller Entwicklungen und Unternehmen unter der COMO SYSTEMS. Mit der Gr\u00fcndung vor \u00fcber 30 Jahren und der Einreichung erster eigener Patente, wurde hier der Grundstein f\u00fcr eine gro\u00dfartige Ideenschmiede made in Visbek gelegt. Neben kompletten B\u00fcroeinrichtungen samt Planung produziert die COMO B\u00fcrom\u00f6bel GmbH auch eigene, robuste und patentierte h\u00f6henverstellbare Tische. Diese decken eine Bandbreite von Schreibtischen, \u00fcber Besprechungstische, Montagetische bis hin zu individuellen Sonderl\u00f6sungen f\u00fcr Produktionsst\u00e4tten ab.<\/p>\n<p><a role=\"button\" href=\"https:\/\/comobuero.de\"><br \/>\nmehr erfahren<br \/>\n<\/a><\/p>\n","protected":false},"excerpt":{"rendered":"<p>Ideen die bewegen Axel Schickling ist Unternehmer, Erfinder und Vision\u00e4r. Seit seiner Ausbildung liegt der Fokus auf der L\u00f6sung von Problemen mit Liebe zum Detail und dem Gesp\u00fcr f\u00fcr Trends der Zeit. COMO SYSTEMS, AXEL SCHICKLING generiert, verwaltet und erg\u00e4nzt seit der Gr\u00fcndung das Know-How verschiedener Unternehmen und kombiniert Synnergien dieser zu neuen L\u00f6sung f\u00fcr [&hellip;]<\/p>\n","protected":false},"author":1,"featured_media":96,"parent":0,"menu_order":0,"comment_status":"closed","ping_status":"closed","template":"","meta":{"footnotes":""},"class_list":["post-58","page","type-page","status-publish","has-post-thumbnail","hentry"],"_links":{"self":[{"href":"https:\/\/como-systems.de\/index.php?rest_route=\/wp\/v2\/pages\/58","targetHints":{"allow":["GET"]}}],"collection":[{"href":"https:\/\/como-systems.de\/index.php?rest_route=\/wp\/v2\/pages"}],"about":[{"href":"https:\/\/como-systems.de\/index.php?rest_route=\/wp\/v2\/types\/page"}],"author":[{"embeddable":true,"href":"https:\/\/como-systems.de\/index.php?rest_route=\/wp\/v2\/users\/1"}],"replies":[{"embeddable":true,"href":"https:\/\/como-systems.de\/index.php?rest_route=%2Fwp%2Fv2%2Fcomments&post=58"}],"version-history":[{"count":38,"href":"https:\/\/como-systems.de\/index.php?rest_route=\/wp\/v2\/pages\/58\/revisions"}],"predecessor-version":[{"id":136,"href":"https:\/\/como-systems.de\/index.php?rest_route=\/wp\/v2\/pages\/58\/revisions\/136"}],"wp:featuredmedia":[{"embeddable":true,"href":"https:\/\/como-systems.de\/index.php?rest_route=\/wp\/v2\/media\/96"}],"wp:attachment":[{"href":"https:\/\/como-systems.de\/index.php?rest_route=%2Fwp%2Fv2%2Fmedia&parent=58"}],"curies":[{"name":"wp","href":"https:\/\/api.w.org\/{rel}","templated":true}]}}